{"id":8542,"date":"2021-04-07T17:39:28","date_gmt":"2021-04-07T15:39:28","guid":{"rendered":"https:\/\/www.kgskrajnc.si\/domov\/"},"modified":"2024-09-29T16:29:15","modified_gmt":"2024-09-29T14:29:15","slug":"startseite","status":"publish","type":"page","link":"https:\/\/www.kgskrajnc.si\/de\/","title":{"rendered":"Startseite"},"content":{"rendered":"<h1>Lesna Biomasa<\/h1>\n<p>Bukova drva iz slovenskih gozdov.Drva izhajajo iz trajnostnega ravnanja z gozdovi v Sloveniji in so tako iz ekolo\u0161kega kot iz ekonomskega vidika optimalna izbira v primerjavi s fosilnimi gorivi.<a href=\"https:\/\/www.kgskrajnc.si\/lesna-biomasa-bukova-drva-sekanci\/\" title=\"Lesna biomasa\">Ve\u010d o tem<\/a><\/p>\n<h2>Proizvodi iz slame<\/h2>\n<p>Fino zmleta, narezana in odpra\u0161ena p\u0161eni\u010dna slama pakirana v priro\u010dno embala\u017eo:<a href=\"https:\/\/www.kgskrajnc.si\/proizvodi-iz-slame\/#slama-lenabox\">Lenabox<\/a> in <a href=\"https:\/\/www.kgskrajnc.si\/proizvodi-iz-slame\/#lenabox-garden\">Lenabox Garden<\/a><a href=\"https:\/\/www.kgskrajnc.si\/proizvodi-iz-slame\/\" title=\"Proizvodi iz slame\">Ve\u010d o tem<\/a><\/p>\n<h3>Krmne me\u0161anice<\/h3>\n<p>Popolni krmni me\u0161anici Lenamix Cattleza teleta do 120 kg ter teleta od 120 kg do 250 kg.<a href=\"https:\/\/www.kgskrajnc.si\/krmna-mesanica-lenamix-cattle\/\" title=\"Krmne me\u0161anice\">Ve\u010d o tem<\/a><\/p>\n<h3>Strojne storitve<\/h3>\n<p>Opravljamo kmetijsko stojne inkomunalno gradbene strojne storitve.<a href=\"https:\/\/www.kgskrajnc.si\/strojne-storitve\/\" title=\"Strojne storitve\">Ve\u010d o tem<\/a><br \/>\n<a href=\"https:\/\/staging.kgskrajnc.s6.kreativne-ideje.si\/lesna-biomasa\/\" title=\"\" rel=\"nofollow noopener\" target=\"_blank\"><img decoding=\"async\" src=\"https:\/\/www.kgskrajnc.si\/wp-content\/uploads\/kgs-krajnc-vstopna-lesna-biomasa.jpg\" alt=\"\" title=\"\"><\/a><a href=\"https:\/\/staging.kgskrajnc.s6.kreativne-ideje.si\/lesna-biomasa\/\" title=\"\" rel=\"nofollow noopener\" target=\"_blank\">.path{fill:none;stroke:#333;stroke-miterlimit:10;stroke-width:1.5px;}<\/a><\/p>\n<h2>Lesna biomasa<\/h2>\n<p>Ponudba bukovih drv iz slovenskih gozdov. Drva izhajajo iz trajnostnega ravnanja z gozdovi v Sloveniji in so tako iz ekolo\u0161kega kot iz ekonomskega vidika optimalna izbira v primerjavi s fosilnimi gorivi.<\/p>\n<p><a href=\"https:\/\/www.kgskrajnc.si\/lesna-biomasa-bukova-drva-sekanci\/\" title=\"\">Ve\u010d o tem<\/a><br \/>\n<a href=\"https:\/\/staging.kgskrajnc.s6.kreativne-ideje.si\/proizvodi-iz-slame\/\" title=\"\" rel=\"nofollow noopener\" target=\"_blank\"><img decoding=\"async\" src=\"https:\/\/www.kgskrajnc.si\/wp-content\/uploads\/kgs-krajnc-vstopna-proizvodi-iz-slame.jpg\" alt=\"\" title=\"\"><\/a><a href=\"https:\/\/staging.kgskrajnc.s6.kreativne-ideje.si\/proizvodi-iz-slame\/\" title=\"\" rel=\"nofollow noopener\" target=\"_blank\">.path{fill:none;stroke:#333;stroke-miterlimit:10;stroke-width:1.5px;}<\/a><\/p>\n<h2>Proizvodi iz slame<\/h2>\n<p>Fino zmleta, narezana in odpra\u0161ena p\u0161eni\u010dna slama pakirana v priro\u010dno embala\u017eo: <a href=\"https:\/\/www.kgskrajnc.si\/proizvodi-iz-slame\/#slama-lenabox\">Lenabox<\/a> in <a href=\"https:\/\/www.kgskrajnc.si\/proizvodi-iz-slame\/#lenabox-garden\">Lenabox Garden<\/a><\/p>\n<p><a href=\"https:\/\/www.kgskrajnc.si\/proizvodi-iz-slame\/\" title=\"\">Ve\u010d o tem<\/a><br \/>\n<a href=\"https:\/\/staging.kgskrajnc.s6.kreativne-ideje.si\/krmne-mesanice\/\" title=\"\" rel=\"nofollow noopener\" target=\"_blank\"><img decoding=\"async\" src=\"https:\/\/www.kgskrajnc.si\/wp-content\/uploads\/kgs-krajnc-vstopna-krmne-mesanice.jpg\" alt=\"\" title=\"\"><\/a><a href=\"https:\/\/staging.kgskrajnc.s6.kreativne-ideje.si\/krmne-mesanice\/\" title=\"\" rel=\"nofollow noopener\" target=\"_blank\">.path{fill:none;stroke:#333;stroke-miterlimit:10;stroke-width:1.5px;}<\/a><\/p>\n<h2>Krmne me\u0161anice<\/h2>\n<p>Popolni krmni me\u0161anici Lenamix Cattle za teleta do 120 kg ter teleta od 120 kg do 250 kg.<\/p>\n<p><a href=\"https:\/\/www.kgskrajnc.si\/krmna-mesanica-lenamix-cattle\/\" title=\"\">Ve\u010d o tem<\/a><br \/>\n<a href=\"https:\/\/staging.kgskrajnc.s6.kreativne-ideje.si\/strojne-storitve\/\" title=\"\" rel=\"nofollow noopener\" target=\"_blank\"><img decoding=\"async\" src=\"https:\/\/www.kgskrajnc.si\/wp-content\/uploads\/kgs-krajnc-vstopna-strojne-storitve.jpg\" alt=\"\" title=\"\"><\/a><a href=\"https:\/\/staging.kgskrajnc.s6.kreativne-ideje.si\/strojne-storitve\/\" title=\"\" rel=\"nofollow noopener\" target=\"_blank\">.path{fill:none;stroke:#333;stroke-miterlimit:10;stroke-width:1.5px;}<\/a><\/p>\n<h2>Strojne storitve<\/h2>\n<p>Opravljamo kmetijsko stojne in komunalno gradbene strojne storitve.<\/p>\n<p><a href=\"https:\/\/www.kgskrajnc.si\/strojne-storitve\/\" title=\"\">Ve\u010d o tem<\/a><\/p>\n<h2>SMO  DRU\u017dINSKO PODJETJE<\/h2>\n<p>in vodilo na\u0161ega poslovanja je strokovnost, kakovost, zanesljivost in u\u010dinkovitost storitev in produktov ter s tem zadovoljstvo na\u0161ih poslovnih partnerjev.<\/p>\n<h2>Smo dru\u017einsko podjetje<\/h2>\n<p>in vodilo na\u0161ega poslovanja je strokovnost, kakovost, zanesljivost in u\u010dinkovitost storitev in produktov ter s tem zadovoljstvo na\u0161ih poslovnih partnerjev.<\/p>\n<h6>NARO\u010cILO DRV<\/h6>\n<p>Drva lahko naro\u010dite po telefonu ali v spletni trgovini<a href=\"tel:041269710\" title=\"POKLI\u010cITE 041 269 710\">POKLI\u010cITE  041 269 710<\/a><br \/>\n<a href=\"https:\/\/www.kgskrajnc.si\/spletna-trgovina\/\" title=\"V SPLETNO TRGOVINO\">V SPLETNO TRGOVINO<\/a><\/p>\n<h6>NARO\u010cILO DRV<\/h6>\n<h3>Drva lahko naro\u010dite  po telefonu ali v spletni trgovini<\/h3>\n<p><a href=\"tel:0038641269710\" title=\"\">POKLI\u010cITE 041 269 710<\/a><br \/>\n<a href=\"https:\/\/www.kgskrajnc.si\/spletna-trgovina\/\" title=\"\">V SPLETNO TRGOVINO<\/a><\/p>\n","protected":false},"excerpt":{"rendered":"<p>Angebot von Buchenholz aus slowenischen W\u00e4ldern. Brennholz stammt aus der nachhaltigen Bewirtschaftung der W\u00e4lder Sloweniens und ist im Vergleich zu fossilen Brennstoffen sowohl aus \u00f6kologischer als auch aus wirtschaftlicher Sicht eine optimale Wahl.<\/p>\n","protected":false},"author":5,"featured_media":0,"parent":0,"menu_order":0,"comment_status":"closed","ping_status":"closed","template":"","meta":{"footnotes":""},"class_list":["post-8542","page","type-page","status-publish","hentry"],"_links":{"self":[{"href":"https:\/\/www.kgskrajnc.si\/de\/wp-json\/wp\/v2\/pages\/8542","targetHints":{"allow":["GET"]}}],"collection":[{"href":"https:\/\/www.kgskrajnc.si\/de\/wp-json\/wp\/v2\/pages"}],"about":[{"href":"https:\/\/www.kgskrajnc.si\/de\/wp-json\/wp\/v2\/types\/page"}],"author":[{"embeddable":true,"href":"https:\/\/www.kgskrajnc.si\/de\/wp-json\/wp\/v2\/users\/5"}],"replies":[{"embeddable":true,"href":"https:\/\/www.kgskrajnc.si\/de\/wp-json\/wp\/v2\/comments?post=8542"}],"version-history":[{"count":1,"href":"https:\/\/www.kgskrajnc.si\/de\/wp-json\/wp\/v2\/pages\/8542\/revisions"}],"predecessor-version":[{"id":8544,"href":"https:\/\/www.kgskrajnc.si\/de\/wp-json\/wp\/v2\/pages\/8542\/revisions\/8544"}],"wp:attachment":[{"href":"https:\/\/www.kgskrajnc.si\/de\/wp-json\/wp\/v2\/media?parent=8542"}],"curies":[{"name":"wp","href":"https:\/\/api.w.org\/{rel}","templated":true}]}}