{"id":8550,"date":"2021-01-20T08:00:22","date_gmt":"2021-01-20T07:00:22","guid":{"rendered":"https:\/\/www.kgskrajnc.si\/beech-wood-chips\/"},"modified":"2024-09-29T10:14:27","modified_gmt":"2024-09-29T08:14:27","slug":"holzbiomasse","status":"publish","type":"page","link":"https:\/\/www.kgskrajnc.si\/de\/holzbiomasse\/","title":{"rendered":"Holzbiomasse"},"content":{"rendered":"<h6>HOLZBIOMASSE<\/h6>\n<h1>Brennholz und Hackschnitzel<\/h1>\n<p>Hochwertiges Brennholz und Hackschnitzel aus slowenischer Buche<img decoding=\"async\" src=\"https:\/\/www.kgskrajnc.si\/wp-content\/uploads\/kgs-krajnc-dejavnost-lesna-biomasa-drva-1.jpg\" alt=\"Buchenbrennholz\" title=\"\"><\/p>\n<h2>Buchenbrennholz<\/h2>\n<p>Bei KGS Krajnc bieten wir Buchenbrennholz aus eigener Produktion an, wobei der Rohstoff ausschlie\u00dflich aus slowenischen W\u00e4ldern stammt. Buchenbrennholz wird aus nachhaltiger Waldbewirtschaftung in Slowenien gewonnen und ist im Vergleich zu fossilen Brennstoffen aus \u00f6kologischer und \u00f6konomischer Sicht eine optimale Wahl.Wir produzieren Brennholz, das 25 cm, 33 cm und 45 cm lang ist. Kleines Brennholz eignet sich besonders f\u00fcr kleinere Feuerungsanlagen. 33 cm langes Brennholz ist f\u00fcr die meisten Haushaltsheizger\u00e4te geeignet.<br \/>\nWir verkaufen Buchenbrennholz lose. Eine Einheit ist ein Kubikmeter Sch\u00fcttholz, das sind ca. 0,70 &#8211; 0,75 Kubikmeter gestapeltes Buchenbrennholz.<\/p>\n<h2>Hackschnitzel<\/h2>\n<p>Das Unternehmen produziert Hackschnitzel aus Holzbiomasse. Wir produzieren Hackschnitzel aus zellulosehaltigem Nadel- und Laubrundholz. Nadel- und Laubb\u00e4ume werden dabei auf getrennten Deponien gelagert.\u00a0Im Nordosten Sloweniens f\u00fchren wir auch Holzhacken und die Entfernung von Hackschnitzeln im Au\u00dfenbereich aus.Wir liefern Holzbiomasse an den Fernw\u00e4rmekesselraum in Lenart, unseren eigenen Maistrocknerkesselraum und gr\u00f6\u00dfere und kleinere Anlagen in Slowenien und im Ausland.<br \/>\n2019 haben wir das PEFC-Chain of Custody-Zertifikat erhalten. Das PEFC-Programm f\u00fcr die Anerkennung von Waldzertifizierungssystemen ist eine internationale gemeinn\u00fctzige Nichtregierungsorganisation, die sich f\u00fcr die F\u00f6rderung einer nachhaltigen Waldbewirtschaftung einsetzt. Das PEFC-Zertifikat garantiert somit Produkten, dass sie aus nachhaltig bewirtschafteten W\u00e4ldern stammen.<img decoding=\"async\" src=\"https:\/\/www.kgskrajnc.si\/wp-content\/uploads\/\/pefc-label-pefc27-31-70-kgs-2024-pefc-logo-300x197.png\" alt=\"PEFC-Chain of Custody-Zertifikat\" title=\"\"><br \/>\n<img decoding=\"async\" src=\"https:\/\/www.kgskrajnc.si\/wp-content\/uploads\/kgs-krajnc-dejavnost-lesna-biomasa-sekanci-1.jpg\" alt=\"Hackschnitzel\" title=\"\"><\/p>\n<h2>Warum  Brennholz verwenden?<\/h2>\n<p>01Heimische Energiequelle02CO2-Neutralit\u00e4t03Niedrigerer Preis im Vergleich zu fossilen Brennstoffe04Erneuerbare Energiequelle<\/p>\n<h3>Galerie<\/h3>\n<p>\t\t\t\t#sc_gallery-4662 {<br \/>\n\t\t\t\t\tmargin: auto;<br \/>\n\t\t\t\t}<br \/>\n\t\t\t\t#sc_gallery-4662 .gallery-item {<br \/>\n\t\t\t\t\tfloat: left;<br \/>\n\t\t\t\t\ttext-align: center;<br \/>\n\t\t\t\t\twidth: 33.33%;<br \/>\n\t\t\t\t}<br \/>\n\t\t\t\t#sc_gallery-4662 img {<br \/>\n\t\t\t\t\tborder: 2px solid #cfcfcf;<br \/>\n\t\t\t\t}<br \/>\n\t\t\t\t\/* see sc_gallery() in functions\/theme-shortcodes.php *\/<\/p>\n<p>\t\t\t\t\t<a href='https:\/\/www.kgskrajnc.si\/wp-content\/uploads\/kgs-krajnc-dejavnost-kmetijske-strojne-storitve-17.jpg'><img decoding=\"async\" src=\"https:\/\/www.kgskrajnc.si\/wp-content\/uploads\/\/kgs-krajnc-dejavnost-kmetijske-strojne-storitve-17-300x200.jpg\" alt=\"Bukova drva in sekanci iz slovenskih gozdov za kurjavo\" title=\"\"><\/a><\/p>\n<p>\t\t\t\t\tBukova drva in sekanci iz slovenskih gozdov za kurjavo<\/p>\n<p>\t\t\t\t\t<a href='https:\/\/www.kgskrajnc.si\/wp-content\/uploads\/kgs-krajnc-dejavnost-kmetijske-strojne-storitve-18.jpg'><img decoding=\"async\" src=\"https:\/\/www.kgskrajnc.si\/wp-content\/uploads\/\/kgs-krajnc-dejavnost-kmetijske-strojne-storitve-18-300x200.jpg\" alt=\"Bukova drva in sekanci iz slovenskih gozdov za kurjavo\" title=\"\"><\/a><\/p>\n<p>\t\t\t\t\tBukova drva in sekanci iz slovenskih gozdov za kurjavo<\/p>\n<p>\t\t\t\t\t<a href='https:\/\/www.kgskrajnc.si\/wp-content\/uploads\/kgs-krajnc-dejavnost-kmetijske-strojne-storitve-19.jpg'><img decoding=\"async\" src=\"https:\/\/www.kgskrajnc.si\/wp-content\/uploads\/\/kgs-krajnc-dejavnost-kmetijske-strojne-storitve-19-300x200.jpg\" alt=\"Bukova drva in sekanci iz slovenskih gozdov za kurjavo\" title=\"\"><\/a><\/p>\n<p>\t\t\t\t\tBukova drva in sekanci iz slovenskih gozdov za kurjavo<\/p>\n<p>\t\t\t\t\t<a href='https:\/\/www.kgskrajnc.si\/wp-content\/uploads\/kgs-krajnc-dejavnost-kmetijske-strojne-storitve-20.jpg'><img decoding=\"async\" src=\"https:\/\/www.kgskrajnc.si\/wp-content\/uploads\/\/kgs-krajnc-dejavnost-kmetijske-strojne-storitve-20-300x200.jpg\" alt=\"Bukova drva in sekanci iz slovenskih gozdov za kurjavo\" title=\"\"><\/a><\/p>\n<p>\t\t\t\t\tBukova drva in sekanci iz slovenskih gozdov za kurjavo<\/p>\n<p>\t\t\t\t\t<a href='https:\/\/www.kgskrajnc.si\/wp-content\/uploads\/kgs-krajnc-dejavnost-kmetijske-strojne-storitve-21.jpg'><img decoding=\"async\" src=\"https:\/\/www.kgskrajnc.si\/wp-content\/uploads\/\/kgs-krajnc-dejavnost-kmetijske-strojne-storitve-21-300x200.jpg\" alt=\"Bukova drva in sekanci iz slovenskih gozdov za kurjavo\" title=\"\"><\/a><\/p>\n<p>\t\t\t\t\tBukova drva in sekanci iz slovenskih gozdov za kurjavo<\/p>\n<p>\t\t\t\t\t<a href='https:\/\/www.kgskrajnc.si\/wp-content\/uploads\/kgs-krajnc-dejavnost-kmetijske-strojne-storitve-22.jpg'><img decoding=\"async\" src=\"https:\/\/www.kgskrajnc.si\/wp-content\/uploads\/\/kgs-krajnc-dejavnost-kmetijske-strojne-storitve-22-300x200.jpg\" alt=\"Bukova drva in sekanci iz slovenskih gozdov za kurjavo\" title=\"\"><\/a><\/p>\n<p>\t\t\t\t\tBukova drva in sekanci iz slovenskih gozdov za kurjavo<\/p>\n<p>\t\t\t\t\t<a href='https:\/\/www.kgskrajnc.si\/wp-content\/uploads\/kgs-krajnc-dejavnost-kmetijske-strojne-storitve-23.jpg'><img decoding=\"async\" src=\"https:\/\/www.kgskrajnc.si\/wp-content\/uploads\/\/kgs-krajnc-dejavnost-kmetijske-strojne-storitve-23-300x200.jpg\" alt=\"Bukova drva in sekanci iz slovenskih gozdov za kurjavo.\" title=\"\"><\/a><\/p>\n<p>\t\t\t\t\tBukova drva in sekanci iz slovenskih gozdov za kurjavo. Zbiranje raz\u017eaganih in razsekanih drv.<\/p>\n","protected":false},"excerpt":{"rendered":"<p>Hochwertiges Brennholz und Hackschnitzel aus slowenischer Buche<\/p>\n","protected":false},"author":5,"featured_media":623,"parent":0,"menu_order":0,"comment_status":"closed","ping_status":"closed","template":"","meta":{"footnotes":""},"class_list":["post-8550","page","type-page","status-publish","has-post-thumbnail","hentry"],"_links":{"self":[{"href":"https:\/\/www.kgskrajnc.si\/de\/wp-json\/wp\/v2\/pages\/8550","targetHints":{"allow":["GET"]}}],"collection":[{"href":"https:\/\/www.kgskrajnc.si\/de\/wp-json\/wp\/v2\/pages"}],"about":[{"href":"https:\/\/www.kgskrajnc.si\/de\/wp-json\/wp\/v2\/types\/page"}],"author":[{"embeddable":true,"href":"https:\/\/www.kgskrajnc.si\/de\/wp-json\/wp\/v2\/users\/5"}],"replies":[{"embeddable":true,"href":"https:\/\/www.kgskrajnc.si\/de\/wp-json\/wp\/v2\/comments?post=8550"}],"version-history":[{"count":3,"href":"https:\/\/www.kgskrajnc.si\/de\/wp-json\/wp\/v2\/pages\/8550\/revisions"}],"predecessor-version":[{"id":8554,"href":"https:\/\/www.kgskrajnc.si\/de\/wp-json\/wp\/v2\/pages\/8550\/revisions\/8554"}],"wp:featuredmedia":[{"embeddable":true,"href":"https:\/\/www.kgskrajnc.si\/de\/wp-json\/wp\/v2\/media\/623"}],"wp:attachment":[{"href":"https:\/\/www.kgskrajnc.si\/de\/wp-json\/wp\/v2\/media?parent=8550"}],"curies":[{"name":"wp","href":"https:\/\/api.w.org\/{rel}","templated":true}]}}