{"id":8555,"date":"2021-01-20T15:20:22","date_gmt":"2021-01-20T14:20:22","guid":{"rendered":"https:\/\/www.kgskrajnc.si\/lenabox-straw-products\/"},"modified":"2024-09-29T15:38:39","modified_gmt":"2024-09-29T13:38:39","slug":"strohprodukte","status":"publish","type":"page","link":"https:\/\/www.kgskrajnc.si\/de\/strohprodukte\/","title":{"rendered":"Strohprodukte"},"content":{"rendered":"<h6>PROIZVODI IZ SLAME<\/h6>\n<h1>Slama Lenabox in slama Lenabox Garden<\/h1>\n<p>Narezana in odpra\u0161ena ter pakirana slama Lenabox in Lenabox Garden<img decoding=\"async\" src=\"https:\/\/www.kgskrajnc.si\/wp-content\/uploads\/kgs-krajnc-dejavnost-proizvodi-iz-slame-slama-lenabox.jpg\" alt=\"Slama Lenabox\" title=\"\"><\/p>\n<h2>Slama Lenabox<\/h2>\n<p>Lenabox \u2013 Slama je popolnoma naraven proizvod. Kot vhodno surovino uporabljamo kakovostno p\u0161eni\u010dno slamo, ki jo pridobimo na poljih na obronkih Panonske ni\u017eine. Na sodobni proizvodni liniji slamo sprva zmeljemo in nare\u017eemo na kratke delce. V primerjavi z obi\u010dajno slamo, ki vpija vlago samo ob koncih oz. prelomih, pri rezanju dose\u017eemo, da slama vpija vlago po celotni dol\u017eini. Pove\u010dana vpojnost slame omogo\u010da bolj\u0161o vezavo gnojevke, kar posledi\u010dno pomeni koli\u010dinsko manj nastilja, zaradi bolj\u0161e vezave amonijaka se bistveno zmanj\u0161ajo vonjave v hlevu.<br \/>\nVe\u010d o slami Lenabox preberite <a href=\"https:\/\/www.lenabox.com\/proizvod\/\" target=\"_blank\" rel=\"noopener nofollow\">tukaj<\/a>.<a href=\"https:\/\/www.lenabox.com\/trgovina\/\" target=\"_blank\" title=\"\" rel=\"noopener nofollow\">NAKUP V SPLETNI TRGOVINI<\/a><\/p>\n<h2>Slama Lenabox Garden<\/h2>\n<p>Slama Lenabox Garden je uporabna kot talno pokrivalo (zastirka) na vrtovih, v vrtnarijah, sadovnjakih in drevesnicah. Z uporabo zastirke se tla za\u0161\u010ditijo pred vro\u010dino poleti in zmrzaljo pozimi, ohranja se vlaga v prsti in zmanj\u0161a rast plevelov. Ob po\u010dasnem razkrajanju zastirke se v tla postopoma dodajajo hranila in ustvarja humus. Zaradi posebnega na\u010dina obdelave ima slama Lenabox Garden ve\u010djo odpornost proti odna\u0161anju zaradi vetra. Z uporabo zastirke se izbolj\u0161a videz vrta.<br \/>\nUporabna kot nastilj za konje, govedo, perutnino in male \u017eivali. Potrebno je zagotoviti ustrezno debelino ter pogostost menjave nastilja.<br \/>\nKer je slama nosilec strukturne surove vlaknine in ugodno vpliva na proces pre\u017evekovanja, jo uporabljamo tudi kot krmilo. Koli\u010dino slame vklju\u010dimo v skladu z izra\u010dunanim krmnim obrokom.<br \/>\nVe\u010d o slami Lenabox Garden preberite <a href=\"https:\/\/www.lenabox.com\/slama-lenabox-garden\/\" target=\"_blank\" rel=\"noopener nofollow\">tukaj<\/a>.<a href=\"https:\/\/www.lenabox.com\/slama-lenabox-garden\/\" target=\"_blank\" title=\"\" rel=\"noopener nofollow\">SLAMA LENABOX GARDEN<\/a><br \/>\n<img decoding=\"async\" src=\"https:\/\/www.kgskrajnc.si\/wp-content\/uploads\/kgs-krajnc-dejavnost-proizvodi-iz-slame-slama-lenabox-garden.jpg\" alt=\"Sekanci iz celuloznega lesa iglavcev ter oblovine listavcev\" title=\"\"><\/p>\n<h2>Drobno mleta slama<\/h2>\n<p>Drobno mleta slama (do 1 cm) se uporablja predvsem kot nastilj za le\u017ealne bokse. Zaradi zelo kratkih vlaken se odlikuje z izjemno vpojnostjo in predstavlja odli\u010dno alternativo nastilju iz \u017eagovine. Drobno mleta slama je pakirana v 20kg bale zlo\u017eene na paleto, kar omogo\u010da enostaven prevoz, ravnanje in skladi\u0161\u010denje.<\/p>\n<h2>Peleti iz slame<\/h2>\n<p>Peleti iz slame se uporabljajo predvsem kot nastilj v perutninarstvu in konjereji. Zaradi kratke strukture vlaken ter toplotne obdelave ob procesu izdelave jih odlikuje izjemna vpojnost ter enostavnost pri manipulaciji. Pakiranje je mo\u017eno v big bag vre\u010dah, med 500 kg in 900 kg.<\/p>\n<h2>Zakaj uporabljati slamo Lenabox?<\/h2>\n<p>Prednosti odpra\u0161ene in narezane slame Lenabox:Naravni proizvodSlama Lenabox je proizvedena iz kakovostne p\u0161eni\u010dne slame.Ve\u010dja prebavljivostSlama je nosilec strukturne surove vlaknine in ugodno vpliva na proces pre\u017evekovanja.Zmanj\u0161anje vonjavPove\u010dana vpojnost v primerjavi z obi\u010dajno slamo vpliva na zmanj\u0161anje vonjav v hlevu.Enostavno odlaganjeSlama Lenabox se odlaga na njivske povr\u0161ine in razpada hitreje od obi\u010dajne slame in ostalih oblik nastilja.Za bolj\u0161e zdravje \u017eivaliUporaba narezane in odpra\u0161ene slame izbolj\u0161a bivalne razmere v hlevu.Nepotratna koli\u010dina nastiljaPove\u010dana vpojnost pomeni manj\u0161o koli\u010dino nastilja ter posledi\u010dno cenovne prihranke.<\/p>\n<h6>NARO\u010cILO SLAME<\/h6>\n<p>Slamo Lenabox in Lenabox gardenlahko naro\u010dite v na\u0161i spletni trgovini.<a href=\"https:\/\/www.lenabox.com\/trgovina\/\" target=\"_blank\" title=\"V SPLETNO TRGOVINO\" rel=\"noopener nofollow\">V SPLETNO TRGOVINO<\/a><\/p>\n","protected":false},"excerpt":{"rendered":"<p>Geschnittenes, entstaubtes und verpacktes Lenabox- und Lenabox Garden-Stroh<\/p>\n","protected":false},"author":5,"featured_media":800,"parent":0,"menu_order":0,"comment_status":"closed","ping_status":"closed","template":"","meta":{"footnotes":""},"class_list":["post-8555","page","type-page","status-publish","has-post-thumbnail","hentry"],"_links":{"self":[{"href":"https:\/\/www.kgskrajnc.si\/de\/wp-json\/wp\/v2\/pages\/8555","targetHints":{"allow":["GET"]}}],"collection":[{"href":"https:\/\/www.kgskrajnc.si\/de\/wp-json\/wp\/v2\/pages"}],"about":[{"href":"https:\/\/www.kgskrajnc.si\/de\/wp-json\/wp\/v2\/types\/page"}],"author":[{"embeddable":true,"href":"https:\/\/www.kgskrajnc.si\/de\/wp-json\/wp\/v2\/users\/5"}],"replies":[{"embeddable":true,"href":"https:\/\/www.kgskrajnc.si\/de\/wp-json\/wp\/v2\/comments?post=8555"}],"version-history":[{"count":1,"href":"https:\/\/www.kgskrajnc.si\/de\/wp-json\/wp\/v2\/pages\/8555\/revisions"}],"predecessor-version":[{"id":8557,"href":"https:\/\/www.kgskrajnc.si\/de\/wp-json\/wp\/v2\/pages\/8555\/revisions\/8557"}],"wp:featuredmedia":[{"embeddable":true,"href":"https:\/\/www.kgskrajnc.si\/de\/wp-json\/wp\/v2\/media\/800"}],"wp:attachment":[{"href":"https:\/\/www.kgskrajnc.si\/de\/wp-json\/wp\/v2\/media?parent=8555"}],"curies":[{"name":"wp","href":"https:\/\/api.w.org\/{rel}","templated":true}]}}