{"id":8574,"date":"2021-01-20T16:30:22","date_gmt":"2021-01-20T15:30:22","guid":{"rendered":"https:\/\/www.kgskrajnc.si\/mechanical-services\/"},"modified":"2024-09-29T13:02:55","modified_gmt":"2024-09-29T11:02:55","slug":"bau-und-landmaschinen","status":"publish","type":"page","link":"https:\/\/www.kgskrajnc.si\/de\/bau-und-landmaschinen\/","title":{"rendered":"Bau- und Landmaschinen"},"content":{"rendered":"<h6>BAU- UND LANDMASCHINEN<\/h6>\n<h1>Landwirtschaft und Bauwesen<\/h1>\n<p>Wir bieten Dienstleistungen mit Bau- und Landmaschinen an.<img decoding=\"async\" src=\"https:\/\/www.kgskrajnc.si\/wp-content\/uploads\/kgs-krajnc-dejavnost-kmetijske-strojne-storitve.jpg\" alt=\"Dienstleistungen mit Landmaschinen\" title=\"\"><\/p>\n<h2>Dienstleistungen mit Landmaschinen<\/h2>\n<p>Ernten aller Arten von Pflanzen,<br \/>\nSilieren von Mais und Gras,<br \/>\nKartierung der Ernte mit Hilfe von GPS,<br \/>\nMahlen von K\u00f6rnern,<br \/>\nPressen von Stroh und Heu,<br \/>\nverschiedene Transporte.<\/p>\n<h2>Dienstleistungen mit Baumaschinen<\/h2>\n<p>verschiedene Erdarbeiten,<br \/>\nAbriss von Geb\u00e4uden,<br \/>\nMaterialbewegungen,<br \/>\nBau und Reinigung von Gr\u00e4ben,<br \/>\nBewirtschaftung von landwirtschaftlichen Fl\u00e4chen,<br \/>\nStra\u00dfenreinigung und Waschen,<br \/>\nM\u00e4hen von Stra\u00dfenrand- und Rekultivierungsfl\u00e4chen.<br \/>\n<img decoding=\"async\" src=\"https:\/\/www.kgskrajnc.si\/wp-content\/uploads\/kgs-krajnc-dejavnost-kmetijske-strojne-storitve.jpg\" alt=\"Dienstleistungen mit Baumaschinen\" title=\"\"><br \/>\n<img decoding=\"async\" src=\"https:\/\/www.kgskrajnc.si\/wp-content\/uploads\/kgs-krajnc-dejavnost-e-zetev.jpg\" alt=\"E-Ernte-Dienstleistung\" title=\"\"><\/p>\n<h2>E-Ernte-Dienstleistung<\/h2>\n<p>Wir bieten den Kunden von Erntedienstleistungen detaillierte Informationen \u00fcber die quantitativen und qualitativen Parameter der Ernte nach einzelnen Gebieten. Mit den gewonnenen Daten k\u00f6nnen die Kunden eine Wirksamkeitsanalyse der umgesetzten Ma\u00dfnahmen durchf\u00fchren und auf dieser Grundlage f\u00fcr die Zukunft geeignete Ma\u00dfnahmen einleiten.<a href=\"https:\/\/www.kgskrajnc.si\/de\/kontakt-deu\/\" title=\"\">Weitere Informationen und Bestellungen<\/a><\/p>\n<h3>Galerie<\/h3>\n<p>\t\t\t\t#sc_gallery-8254 {<br \/>\n\t\t\t\t\tmargin: auto;<br \/>\n\t\t\t\t}<br \/>\n\t\t\t\t#sc_gallery-8254 .gallery-item {<br \/>\n\t\t\t\t\tfloat: left;<br \/>\n\t\t\t\t\ttext-align: center;<br \/>\n\t\t\t\t\twidth: 33.33%;<br \/>\n\t\t\t\t}<br \/>\n\t\t\t\t#sc_gallery-8254 img {<br \/>\n\t\t\t\t\tborder: 2px solid #cfcfcf;<br \/>\n\t\t\t\t}<br \/>\n\t\t\t\t\/* see sc_gallery() in functions\/theme-shortcodes.php *\/<\/p>\n<p>\t\t\t\t\t<a href='https:\/\/www.kgskrajnc.si\/wp-content\/uploads\/kgs-krajnc-dejavnost-kmetijske-strojne-storitve-01.jpg'><img decoding=\"async\" src=\"https:\/\/www.kgskrajnc.si\/wp-content\/uploads\/\/kgs-krajnc-dejavnost-kmetijske-strojne-storitve-01-300x200.jpg\" alt=\"\" title=\"\"><\/a><\/p>\n<p>\t\t\t\t\t<a href='https:\/\/www.kgskrajnc.si\/wp-content\/uploads\/kgs-krajnc-dejavnost-kmetijske-strojne-storitve-02.jpg'><img decoding=\"async\" src=\"https:\/\/www.kgskrajnc.si\/wp-content\/uploads\/\/kgs-krajnc-dejavnost-kmetijske-strojne-storitve-02-300x200.jpg\" alt=\"\" title=\"\"><\/a><\/p>\n<p>\t\t\t\t\t<a href='https:\/\/www.kgskrajnc.si\/wp-content\/uploads\/kgs-krajnc-dejavnost-kmetijske-strojne-storitve-03.jpg'><img decoding=\"async\" src=\"https:\/\/www.kgskrajnc.si\/wp-content\/uploads\/\/kgs-krajnc-dejavnost-kmetijske-strojne-storitve-03-300x200.jpg\" alt=\"\" title=\"\"><\/a><\/p>\n<p>\t\t\t\t\t<a href='https:\/\/www.kgskrajnc.si\/wp-content\/uploads\/kgs-krajnc-dejavnost-kmetijske-strojne-storitve-04.jpg'><img decoding=\"async\" src=\"https:\/\/www.kgskrajnc.si\/wp-content\/uploads\/\/kgs-krajnc-dejavnost-kmetijske-strojne-storitve-04-300x200.jpg\" alt=\"\" title=\"\"><\/a><\/p>\n<p>\t\t\t\t\t<a href='https:\/\/www.kgskrajnc.si\/wp-content\/uploads\/kgs-krajnc-dejavnost-kmetijske-strojne-storitve-05.jpg'><img decoding=\"async\" src=\"https:\/\/www.kgskrajnc.si\/wp-content\/uploads\/kgs-krajnc-dejavnost-kmetijske-strojne-storitve-05.jpg\" alt=\"\" title=\"\"><\/a><\/p>\n<p>\t\t\t\t\t<a href='https:\/\/www.kgskrajnc.si\/wp-content\/uploads\/kgs-krajnc-dejavnost-kmetijske-strojne-storitve-06.jpg'><img decoding=\"async\" src=\"https:\/\/www.kgskrajnc.si\/wp-content\/uploads\/\/kgs-krajnc-dejavnost-kmetijske-strojne-storitve-06-300x200.jpg\" alt=\"\" title=\"\"><\/a><\/p>\n<p>\t\t\t\t\t<a href='https:\/\/www.kgskrajnc.si\/wp-content\/uploads\/kgs-krajnc-dejavnost-kmetijske-strojne-storitve-07.jpg'><img decoding=\"async\" src=\"https:\/\/www.kgskrajnc.si\/wp-content\/uploads\/\/kgs-krajnc-dejavnost-kmetijske-strojne-storitve-07-300x200.jpg\" alt=\"\" title=\"\"><\/a><\/p>\n<p>\t\t\t\t\t<a href='https:\/\/www.kgskrajnc.si\/wp-content\/uploads\/kgs-krajnc-dejavnost-kmetijske-strojne-storitve-08.jpg'><img decoding=\"async\" src=\"https:\/\/www.kgskrajnc.si\/wp-content\/uploads\/kgs-krajnc-dejavnost-kmetijske-strojne-storitve-08.jpg\" alt=\"\" title=\"\"><\/a><\/p>\n<p>\t\t\t\t\t<a href='https:\/\/www.kgskrajnc.si\/wp-content\/uploads\/kgs-krajnc-dejavnost-kmetijske-strojne-storitve-09.jpg'><img decoding=\"async\" src=\"https:\/\/www.kgskrajnc.si\/wp-content\/uploads\/\/kgs-krajnc-dejavnost-kmetijske-strojne-storitve-09-300x200.jpg\" alt=\"\" title=\"\"><\/a><\/p>\n<p>\t\t\t\t\t<a href='https:\/\/www.kgskrajnc.si\/wp-content\/uploads\/kgs-krajnc-dejavnost-kmetijske-strojne-storitve-10.jpg'><img decoding=\"async\" src=\"https:\/\/www.kgskrajnc.si\/wp-content\/uploads\/\/kgs-krajnc-dejavnost-kmetijske-strojne-storitve-10-300x200.jpg\" alt=\"\" title=\"\"><\/a><\/p>\n<p>\t\t\t\t\t<a href='https:\/\/www.kgskrajnc.si\/wp-content\/uploads\/kgs-krajnc-dejavnost-kmetijske-strojne-storitve-11.jpg'><img decoding=\"async\" src=\"https:\/\/www.kgskrajnc.si\/wp-content\/uploads\/\/kgs-krajnc-dejavnost-kmetijske-strojne-storitve-11-300x200.jpg\" alt=\"\" title=\"\"><\/a><\/p>\n<p>\t\t\t\t\t<a href='https:\/\/www.kgskrajnc.si\/wp-content\/uploads\/kgs-krajnc-dejavnost-kmetijske-strojne-storitve-12.jpg'><img decoding=\"async\" src=\"https:\/\/www.kgskrajnc.si\/wp-content\/uploads\/\/kgs-krajnc-dejavnost-kmetijske-strojne-storitve-12-300x200.jpg\" alt=\"\" title=\"\"><\/a><\/p>\n<p>\t\t\t\t\t<a href='https:\/\/www.kgskrajnc.si\/wp-content\/uploads\/kgs-krajnc-dejavnost-kmetijske-strojne-storitve-13.jpg'><img decoding=\"async\" src=\"https:\/\/www.kgskrajnc.si\/wp-content\/uploads\/\/kgs-krajnc-dejavnost-kmetijske-strojne-storitve-13-300x200.jpg\" alt=\"\" title=\"\"><\/a><\/p>\n<p>\t\t\t\t\t<a href='https:\/\/www.kgskrajnc.si\/wp-content\/uploads\/kgs-krajnc-dejavnost-kmetijske-strojne-storitve-14.jpg'><img decoding=\"async\" src=\"https:\/\/www.kgskrajnc.si\/wp-content\/uploads\/\/kgs-krajnc-dejavnost-kmetijske-strojne-storitve-14-300x200.jpg\" alt=\"\" title=\"\"><\/a><\/p>\n<p>\t\t\t\t\t<a href='https:\/\/www.kgskrajnc.si\/wp-content\/uploads\/kgs-krajnc-dejavnost-kmetijske-strojne-storitve-15.jpg'><img decoding=\"async\" src=\"https:\/\/www.kgskrajnc.si\/wp-content\/uploads\/\/kgs-krajnc-dejavnost-kmetijske-strojne-storitve-15-300x200.jpg\" alt=\"\" title=\"\"><\/a><\/p>\n<p>\t\t\t\t\t<a href='https:\/\/www.kgskrajnc.si\/wp-content\/uploads\/kgs-krajnc-dejavnost-kmetijske-strojne-storitve-16.jpg'><img decoding=\"async\" src=\"https:\/\/www.kgskrajnc.si\/wp-content\/uploads\/\/kgs-krajnc-dejavnost-kmetijske-strojne-storitve-16-300x200.jpg\" alt=\"\" title=\"\"><\/a><\/p>\n","protected":false},"excerpt":{"rendered":"<p>Wir bieten Dienstleistungen mit Bau- und Landmaschinen an.<\/p>\n","protected":false},"author":5,"featured_media":387,"parent":0,"menu_order":0,"comment_status":"closed","ping_status":"closed","template":"","meta":{"footnotes":""},"class_list":["post-8574","page","type-page","status-publish","has-post-thumbnail","hentry"],"_links":{"self":[{"href":"https:\/\/www.kgskrajnc.si\/de\/wp-json\/wp\/v2\/pages\/8574","targetHints":{"allow":["GET"]}}],"collection":[{"href":"https:\/\/www.kgskrajnc.si\/de\/wp-json\/wp\/v2\/pages"}],"about":[{"href":"https:\/\/www.kgskrajnc.si\/de\/wp-json\/wp\/v2\/types\/page"}],"author":[{"embeddable":true,"href":"https:\/\/www.kgskrajnc.si\/de\/wp-json\/wp\/v2\/users\/5"}],"replies":[{"embeddable":true,"href":"https:\/\/www.kgskrajnc.si\/de\/wp-json\/wp\/v2\/comments?post=8574"}],"version-history":[{"count":3,"href":"https:\/\/www.kgskrajnc.si\/de\/wp-json\/wp\/v2\/pages\/8574\/revisions"}],"predecessor-version":[{"id":8583,"href":"https:\/\/www.kgskrajnc.si\/de\/wp-json\/wp\/v2\/pages\/8574\/revisions\/8583"}],"wp:featuredmedia":[{"embeddable":true,"href":"https:\/\/www.kgskrajnc.si\/de\/wp-json\/wp\/v2\/media\/387"}],"wp:attachment":[{"href":"https:\/\/www.kgskrajnc.si\/de\/wp-json\/wp\/v2\/media?parent=8574"}],"curies":[{"name":"wp","href":"https:\/\/api.w.org\/{rel}","templated":true}]}}