{"id":8585,"date":"2021-01-25T15:00:56","date_gmt":"2021-01-25T14:00:56","guid":{"rendered":"https:\/\/www.kgskrajnc.si\/company\/"},"modified":"2024-09-29T13:32:29","modified_gmt":"2024-09-29T11:32:29","slug":"unternehmen","status":"publish","type":"page","link":"https:\/\/www.kgskrajnc.si\/de\/unternehmen\/","title":{"rendered":"\u00dcber uns"},"content":{"rendered":"<h6>O NAS<\/h6>\n<h1>Smo dru\u017einsko inovativno podjetje<\/h1>\n<p><img decoding=\"async\" src=\"https:\/\/www.kgskrajnc.si\/wp-content\/uploads\/kgs-krajnc-o-podjetju-dejavnost.jpg\" alt=\"Kdo smo?\" title=\"\"><\/p>\n<h6>DRU\u017dINSKO PODJETJE<\/h6>\n<h2>Kdo smo?<\/h2>\n<p>Smo dru\u017einsko inovativno podjetje, ki se ukvarja s kmetijskimi proizvodi in storitvami, biomaso ter raziskovalno-razvojnimi projekti na omenjenih podro\u010djih.<br \/>\nV na\u0161em podjetju te\u017eimo k trajnostnem razvoju. Na trgu \u017eelimo ponuditi inovativne visokotehnolo\u0161ke izdelke in storitve. Pri tem pa delujemo dru\u017ebeno odgovorno (varovanje okolja).<\/p>\n<h5>Vodilo na\u0161ega poslovanja so strokovnost, kakovost, zanesljivost in u\u010dinkovitost storitev in produktov ter s tem zadovoljstvo na\u0161ih poslovnih partnerjev.<\/h5>\n<h2>Nastanek in razvoj podjetja<\/h2>\n<h3>Do 1983<\/h3>\n<p>Zametki poslovne poti so nastali na tradicionalni srednji dru\u017einski kmetiji.<\/p>\n<h3>1983<\/h3>\n<p>Nadgradnja kmetije v poslovno obliko s.p. (gradbene in kmetijske strojne storitve).<\/p>\n<h3>2007<\/h3>\n<p>Ustanovitev podjetja KGS Krajnc d.o.o. (gradbena dejavnost se raz\u0161iri).<\/p>\n<h3>2007-2012<\/h3>\n<p>Krepitev podro\u010dja kmetijskih strojnih storitev ter raz\u0161iritev dejavnosti na podro\u010dje proizvodnje lesnih goriv (bukova drva, sekanci).<\/p>\n<h3>2012<\/h3>\n<p>Skupini se pridru\u017ei kmetijsko podjetje \u017dIPO \u017eivinoreja in poljedelstvo Lenart d.o.o. (<a href=\"https:\/\/www.zipo.si\" target=\"_blank\" rel=\"noopener nofollow\">www.zipo.si<\/a>).<\/p>\n<h3>2015<\/h3>\n<p>Za\u010detek proizvodnje mlete in opra\u0161ene slame v balah pod lastno blagovno znamko Lenabox (<a href=\"https:\/\/www.lenabox.com\" target=\"_blank\" rel=\"noopener nofollow\">www.lenabox.com<\/a>)<\/p>\n<h3>2019<\/h3>\n<p>Prejetje certifikata PEFC Chain of Custody<\/p>\n<h3>2021<\/h3>\n<p>Raz\u0161iritev proizvodnje s specialnimi krmnimi me\u0161anicami pod lastno blagovno znamko Lenamix (<a href=\"https:\/\/www.lenamix.eu\" target=\"_blank\" rel=\"noopener nofollow\">www.lenamix.eu<\/a>).<\/p>\n<h3>Od 2021 naprej<\/h3>\n<p>Raziskovalno-razvojni projekti s podro\u010dja kmetijstva in biomase.<\/p>\n\n\n<p><\/p>\n","protected":false},"excerpt":{"rendered":"<p>Wir sind ein innovatives Familienunternehmen, das sich mit landwirtschaftlichen Produkten und Dienstleistungen, Biomasse sowie Forschungs- und Entwicklungsprojekten in diesen Bereichen besch\u00e4ftigt.<\/p>\n","protected":false},"author":5,"featured_media":447,"parent":0,"menu_order":0,"comment_status":"closed","ping_status":"closed","template":"","meta":{"footnotes":""},"class_list":["post-8585","page","type-page","status-publish","has-post-thumbnail","hentry"],"_links":{"self":[{"href":"https:\/\/www.kgskrajnc.si\/de\/wp-json\/wp\/v2\/pages\/8585","targetHints":{"allow":["GET"]}}],"collection":[{"href":"https:\/\/www.kgskrajnc.si\/de\/wp-json\/wp\/v2\/pages"}],"about":[{"href":"https:\/\/www.kgskrajnc.si\/de\/wp-json\/wp\/v2\/types\/page"}],"author":[{"embeddable":true,"href":"https:\/\/www.kgskrajnc.si\/de\/wp-json\/wp\/v2\/users\/5"}],"replies":[{"embeddable":true,"href":"https:\/\/www.kgskrajnc.si\/de\/wp-json\/wp\/v2\/comments?post=8585"}],"version-history":[{"count":1,"href":"https:\/\/www.kgskrajnc.si\/de\/wp-json\/wp\/v2\/pages\/8585\/revisions"}],"predecessor-version":[{"id":8587,"href":"https:\/\/www.kgskrajnc.si\/de\/wp-json\/wp\/v2\/pages\/8585\/revisions\/8587"}],"wp:featuredmedia":[{"embeddable":true,"href":"https:\/\/www.kgskrajnc.si\/de\/wp-json\/wp\/v2\/media\/447"}],"wp:attachment":[{"href":"https:\/\/www.kgskrajnc.si\/de\/wp-json\/wp\/v2\/media?parent=8585"}],"curies":[{"name":"wp","href":"https:\/\/api.w.org\/{rel}","templated":true}]}}