{"id":8590,"date":"2021-01-25T13:00:22","date_gmt":"2021-01-25T12:00:22","guid":{"rendered":"https:\/\/www.kgskrajnc.si\/research-and-development\/"},"modified":"2024-09-29T15:29:18","modified_gmt":"2024-09-29T13:29:18","slug":"forschung-und-entwicklung","status":"publish","type":"page","link":"https:\/\/www.kgskrajnc.si\/de\/forschung-und-entwicklung\/","title":{"rendered":"Forschung und entwicklung"},"content":{"rendered":"<h6>FORSCHUNG UND ENTWICKLUNG<\/h6>\n<h1>Landwirtschaft, Umweltschutz, Modellierung<\/h1>\n<p>Die Bed\u00fcrfnisse und Anforderungen des Marktes und die Entwicklung der Land- und Holzwirtschaft haben uns zu der Entscheidung gef\u00fchrt, im Unternehmen eine Gruppe zu gr\u00fcnden, die Forschungs- und Entwicklungsaktivit\u00e4ten durchf\u00fchren wird<img decoding=\"async\" src=\"https:\/\/www.kgskrajnc.si\/wp-content\/uploads\/kgs-krajnc-dejavnost-podrocja-raziskav.jpg\" alt=\"Forschungsbereiche\" title=\"\"><\/p>\n<h2>Forschungsbereiche<\/h2>\n<h4>Landwirtschaft \u2013 Tierfutter<\/h4>\n<p>Im Bereich der Landwirtschaft konzentrieren sich die Forschungs- und Entwicklungsaktivit\u00e4ten auf die Entwicklung eines neuen Produkts \u2013 das biologisch gemahlene Stroh f\u00fcr die Tierern\u00e4hrung.<\/p>\n<h4>Holzbiomasse<\/h4>\n<p>Im Bereich der Holzbiomasse konzentrieren sich die Forschungs- und Entwicklungsaktivit\u00e4ten auf neue Produkte und die Verbesserung bestehender Holzbiomasseprodukte.<\/p>\n<h4>Umweltschutz \u2013 Agro-Biomasse aus Abf\u00e4llen<\/h4>\n<p>Im Bereich Umweltschutz konzentrieren sich die Forschungs- und Entwicklungsaktivit\u00e4ten auf die Entwicklung von W\u00e4rme- und Schalld\u00e4mmgranulaten aus Abfallbiomasse.<\/p>\n<h4>Prozessmodellierung und neue Tools f\u00fcr Marketingkommunikation<\/h4>\n<p>\u00a0<\/p>\n<h4>\u00a0<\/h4>\n<p>\u00a0<\/p>\n","protected":false},"excerpt":{"rendered":"<p>Forschung und Entwicklung \u2013 unser Unternehmen verf\u00fcgt \u00fcber eine formell organisierte Gruppe, die Forschungs und Entwicklungsaktivit\u00e4ten durchf\u00fchrt.<\/p>\n","protected":false},"author":5,"featured_media":434,"parent":0,"menu_order":0,"comment_status":"closed","ping_status":"closed","template":"","meta":{"footnotes":""},"class_list":["post-8590","page","type-page","status-publish","has-post-thumbnail","hentry"],"_links":{"self":[{"href":"https:\/\/www.kgskrajnc.si\/de\/wp-json\/wp\/v2\/pages\/8590","targetHints":{"allow":["GET"]}}],"collection":[{"href":"https:\/\/www.kgskrajnc.si\/de\/wp-json\/wp\/v2\/pages"}],"about":[{"href":"https:\/\/www.kgskrajnc.si\/de\/wp-json\/wp\/v2\/types\/page"}],"author":[{"embeddable":true,"href":"https:\/\/www.kgskrajnc.si\/de\/wp-json\/wp\/v2\/users\/5"}],"replies":[{"embeddable":true,"href":"https:\/\/www.kgskrajnc.si\/de\/wp-json\/wp\/v2\/comments?post=8590"}],"version-history":[{"count":2,"href":"https:\/\/www.kgskrajnc.si\/de\/wp-json\/wp\/v2\/pages\/8590\/revisions"}],"predecessor-version":[{"id":8593,"href":"https:\/\/www.kgskrajnc.si\/de\/wp-json\/wp\/v2\/pages\/8590\/revisions\/8593"}],"wp:featuredmedia":[{"embeddable":true,"href":"https:\/\/www.kgskrajnc.si\/de\/wp-json\/wp\/v2\/media\/434"}],"wp:attachment":[{"href":"https:\/\/www.kgskrajnc.si\/de\/wp-json\/wp\/v2\/media?parent=8590"}],"curies":[{"name":"wp","href":"https:\/\/api.w.org\/{rel}","templated":true}]}}